{"id":10174,"date":"2023-10-31T14:24:33","date_gmt":"2023-10-31T13:24:33","guid":{"rendered":"https:\/\/www.rivaclubsweden.se\/?page_id=10174"},"modified":"2023-10-31T14:24:34","modified_gmt":"2023-10-31T13:24:34","slug":"sport-fisherman-40-140","status":"publish","type":"page","link":"https:\/\/www.rivaclubsweden.se\/en\/sport-fisherman-40-140\/","title":{"rendered":"Riva Sport Fisherman #40 \/140?, 1971\/72? &#8220;Part of the Game&#8221;"},"content":{"rendered":"\n<p>Vet inte s\u00e5 mycket om b\u00e5ten d\u00e5 vi k\u00f6pte av ett d\u00f6dsbo i Bromma 2021.<\/p>\n\n\n\n<p>B\u00e5ten kom fr\u00e5n Nice p\u00e5 Rivieran 2012 till SSS b\u00e5tklubb Bergvik i Bromma.<\/p>\n\n\n\n<p>D\u00e5 byttes b\u00e5da motorerna till 2st nya Crusader 350\/5,7.<\/p>\n\n\n\n<p>Nu ligger hon i ny hemmahamn p\u00e5 Eker\u00f6 och \u00e4r mer eller mindre is\u00e4rplockad f\u00f6r en omfattande renovering inv\u00e4ndigt och utv\u00e4ndigt.<\/p>\n\n\n\n<p>F\u00f6rhoppning \u00e4r att hon skall komma i sj\u00f6n till 2024, men allt tar sin tid, s\u00e5 vi f\u00e5r se.<\/p>\n\n\n\n<p>Alla detaljer som \u00e4r kromade \u00e4r i dagarna skickat till Polen f\u00f6r att bli omkromade igen. Ska bli sp\u00e4nnande och se hur det blir.<\/p>\n","protected":false},"excerpt":{"rendered":"<p>Vet inte s\u00e5 mycket om b\u00e5ten d\u00e5 vi k\u00f6pte av ett d\u00f6dsbo i Bromma 2021. B\u00e5ten kom fr\u00e5n Nice p\u00e5 Rivieran 2012 till SSS b\u00e5tklubb Bergvik i Bromma. D\u00e5 byttes b\u00e5da motorerna till 2st nya Crusader 350\/5,7. Nu ligger hon i ny hemmahamn p\u00e5 Eker\u00f6 och \u00e4r mer eller mindre is\u00e4rplockad f\u00f6r en omfattande renovering [&hellip;]<\/p>\n","protected":false},"author":2,"featured_media":0,"parent":0,"menu_order":0,"comment_status":"closed","ping_status":"closed","template":"","meta":{"ngg_post_thumbnail":0},"_links":{"self":[{"href":"https:\/\/www.rivaclubsweden.se\/en\/wp-json\/wp\/v2\/pages\/10174"}],"collection":[{"href":"https:\/\/www.rivaclubsweden.se\/en\/wp-json\/wp\/v2\/pages"}],"about":[{"href":"https:\/\/www.rivaclubsweden.se\/en\/wp-json\/wp\/v2\/types\/page"}],"author":[{"embeddable":true,"href":"https:\/\/www.rivaclubsweden.se\/en\/wp-json\/wp\/v2\/users\/2"}],"replies":[{"embeddable":true,"href":"https:\/\/www.rivaclubsweden.se\/en\/wp-json\/wp\/v2\/comments?post=10174"}],"version-history":[{"count":1,"href":"https:\/\/www.rivaclubsweden.se\/en\/wp-json\/wp\/v2\/pages\/10174\/revisions"}],"predecessor-version":[{"id":10176,"href":"https:\/\/www.rivaclubsweden.se\/en\/wp-json\/wp\/v2\/pages\/10174\/revisions\/10176"}],"wp:attachment":[{"href":"https:\/\/www.rivaclubsweden.se\/en\/wp-json\/wp\/v2\/media?parent=10174"}],"curies":[{"name":"wp","href":"https:\/\/api.w.org\/{rel}","templated":true}]}}