{"id":10208,"date":"2023-11-01T18:52:02","date_gmt":"2023-11-01T17:52:02","guid":{"rendered":"https:\/\/www.rivaclubsweden.se\/?page_id=10208"},"modified":"2025-02-22T16:38:44","modified_gmt":"2025-02-22T15:38:44","slug":"aquarama-26_old","status":"publish","type":"page","link":"https:\/\/www.rivaclubsweden.se\/en\/aquarama-26_old\/","title":{"rendered":"Riva Aquarama &#8220;NINA&#8221;  #26, 1964"},"content":{"rendered":"\n<p>B\u00e5ten s\u00e5ldes ny till en Holl\u00e4ndaren van Loon, men kom troligen till Sverige redan 1966 d\u00e5 bilhandlaren Kaiser k\u00f6pte henne. <\/p>\n\n\n\n<p>Nuvarande \u00e4gare tog \u00f6ver b\u00e5ten 2005 och inledde d\u00e5 en snabbrenovering. Sedan 2006 har b\u00e5ten turnerat runt till klubbm\u00f6ten i Sverige, Finland, Tyskland, Holland, Monaco och Italien. <\/p>\n\n\n\n<p>Hon \u00e4r den f\u00f6rsta Rivan som fick VDO instrument standardmonterade efter att Carlo Riva utprovat dessa under flera \u00e5r. Imponerande \u00e4r att alla instrument fortfarande fungerar efter 60 \u00e5r!<\/p>\n\n\n\n<figure class=\"wp-block-image size-large\"><img decoding=\"async\" loading=\"lazy\" width=\"1024\" height=\"427\" src=\"https:\/\/www.rivaclubsweden.se\/wp-content\/uploads\/2023\/10\/IMG_8089-scaled-e1698512155142-1024x427.jpg\" alt=\"\" class=\"wp-image-10132\" srcset=\"https:\/\/www.rivaclubsweden.se\/wp-content\/uploads\/2023\/10\/IMG_8089-scaled-e1698512155142-1024x427.jpg 1024w, https:\/\/www.rivaclubsweden.se\/wp-content\/uploads\/2023\/10\/IMG_8089-scaled-e1698512155142-300x125.jpg 300w, https:\/\/www.rivaclubsweden.se\/wp-content\/uploads\/2023\/10\/IMG_8089-scaled-e1698512155142-150x63.jpg 150w, https:\/\/www.rivaclubsweden.se\/wp-content\/uploads\/2023\/10\/IMG_8089-scaled-e1698512155142-768x320.jpg 768w, https:\/\/www.rivaclubsweden.se\/wp-content\/uploads\/2023\/10\/IMG_8089-scaled-e1698512155142-1536x641.jpg 1536w, https:\/\/www.rivaclubsweden.se\/wp-content\/uploads\/2023\/10\/IMG_8089-scaled-e1698512155142-2048x854.jpg 2048w\" sizes=\"(max-width: 1024px) 100vw, 1024px\" \/><figcaption class=\"wp-element-caption\">P\u00e5 v\u00e4g genom Tyskland<\/figcaption><\/figure>\n","protected":false},"excerpt":{"rendered":"<p>B\u00e5ten s\u00e5ldes ny till en Holl\u00e4ndaren van Loon, men kom troligen till Sverige redan 1966 d\u00e5 bilhandlaren Kaiser k\u00f6pte henne. Nuvarande \u00e4gare tog \u00f6ver b\u00e5ten 2005 och inledde d\u00e5 en snabbrenovering. Sedan 2006 har b\u00e5ten turnerat runt till klubbm\u00f6ten i Sverige, Finland, Tyskland, Holland, Monaco och Italien. Hon \u00e4r den f\u00f6rsta Rivan som fick VDO [&hellip;]<\/p>\n","protected":false},"author":2,"featured_media":0,"parent":0,"menu_order":0,"comment_status":"closed","ping_status":"closed","template":"","meta":{"ngg_post_thumbnail":0},"_links":{"self":[{"href":"https:\/\/www.rivaclubsweden.se\/en\/wp-json\/wp\/v2\/pages\/10208"}],"collection":[{"href":"https:\/\/www.rivaclubsweden.se\/en\/wp-json\/wp\/v2\/pages"}],"about":[{"href":"https:\/\/www.rivaclubsweden.se\/en\/wp-json\/wp\/v2\/types\/page"}],"author":[{"embeddable":true,"href":"https:\/\/www.rivaclubsweden.se\/en\/wp-json\/wp\/v2\/users\/2"}],"replies":[{"embeddable":true,"href":"https:\/\/www.rivaclubsweden.se\/en\/wp-json\/wp\/v2\/comments?post=10208"}],"version-history":[{"count":4,"href":"https:\/\/www.rivaclubsweden.se\/en\/wp-json\/wp\/v2\/pages\/10208\/revisions"}],"predecessor-version":[{"id":10241,"href":"https:\/\/www.rivaclubsweden.se\/en\/wp-json\/wp\/v2\/pages\/10208\/revisions\/10241"}],"wp:attachment":[{"href":"https:\/\/www.rivaclubsweden.se\/en\/wp-json\/wp\/v2\/media?parent=10208"}],"curies":[{"name":"wp","href":"https:\/\/api.w.org\/{rel}","templated":true}]}}