{"id":10216,"date":"2023-11-02T11:33:05","date_gmt":"2023-11-02T10:33:05","guid":{"rendered":"https:\/\/www.rivaclubsweden.se\/?page_id=10216"},"modified":"2023-11-02T11:33:06","modified_gmt":"2023-11-02T10:33:06","slug":"florida-super-274","status":"publish","type":"page","link":"https:\/\/www.rivaclubsweden.se\/en\/florida-super-274\/","title":{"rendered":"Riva Florida Super &#8220;VITTORIA&#8221; 274, 1958"},"content":{"rendered":"\n<p>F\u00f6rsta leverans gick till en Vernocchi i Italien och b\u00e5ten hade d\u00e5 en ChrisCraft MCL (6 cyl, 175 Hp) som kraftk\u00e4lla. <\/p>\n\n\n\n<p>B\u00e5ten kom till Sverige 1990 som ett renoveringsobjekt och gick vidare till en \u00e4ldre man 1995. 5 \u00e5r senare, utan att n\u00e5got h\u00e4nt med b\u00e5ten, k\u00f6ptes den av nuvarande \u00e4gare.<\/p>\n\n\n\n<p>Sedan dess p\u00e5g\u00e5r ett omfattande renoveringsarbete med bl.a. byte av flera spant, ny botten mm. F\u00f6rhoppningsvis f\u00e5r vi snart se denna Riva i vattnet igen, efter mer \u00e4n 33 \u00e5r p\u00e5 landbacken. <\/p>\n\n\n\n<p>Nuvarande motor \u00e4r en Chris Craft 283 p\u00e5 185 Hp. Denna kom som standard i Super Florida fr\u00e5n slutet av 1963.<\/p>\n\n\n\n<p>(Florida Super bytte namn 1960 till Super Florida.) <\/p>\n","protected":false},"excerpt":{"rendered":"<p>F\u00f6rsta leverans gick till en Vernocchi i Italien och b\u00e5ten hade d\u00e5 en ChrisCraft MCL (6 cyl, 175 Hp) som kraftk\u00e4lla. B\u00e5ten kom till Sverige 1990 som ett renoveringsobjekt och gick vidare till en \u00e4ldre man 1995. 5 \u00e5r senare, utan att n\u00e5got h\u00e4nt med b\u00e5ten, k\u00f6ptes den av nuvarande \u00e4gare. Sedan dess p\u00e5g\u00e5r ett [&hellip;]<\/p>\n","protected":false},"author":2,"featured_media":0,"parent":0,"menu_order":0,"comment_status":"closed","ping_status":"closed","template":"","meta":{"ngg_post_thumbnail":0},"_links":{"self":[{"href":"https:\/\/www.rivaclubsweden.se\/en\/wp-json\/wp\/v2\/pages\/10216"}],"collection":[{"href":"https:\/\/www.rivaclubsweden.se\/en\/wp-json\/wp\/v2\/pages"}],"about":[{"href":"https:\/\/www.rivaclubsweden.se\/en\/wp-json\/wp\/v2\/types\/page"}],"author":[{"embeddable":true,"href":"https:\/\/www.rivaclubsweden.se\/en\/wp-json\/wp\/v2\/users\/2"}],"replies":[{"embeddable":true,"href":"https:\/\/www.rivaclubsweden.se\/en\/wp-json\/wp\/v2\/comments?post=10216"}],"version-history":[{"count":1,"href":"https:\/\/www.rivaclubsweden.se\/en\/wp-json\/wp\/v2\/pages\/10216\/revisions"}],"predecessor-version":[{"id":10217,"href":"https:\/\/www.rivaclubsweden.se\/en\/wp-json\/wp\/v2\/pages\/10216\/revisions\/10217"}],"wp:attachment":[{"href":"https:\/\/www.rivaclubsweden.se\/en\/wp-json\/wp\/v2\/media?parent=10216"}],"curies":[{"name":"wp","href":"https:\/\/api.w.org\/{rel}","templated":true}]}}