{"id":10222,"date":"2023-11-02T12:16:33","date_gmt":"2023-11-02T11:16:33","guid":{"rendered":"https:\/\/www.rivaclubsweden.se\/?page_id=10222"},"modified":"2023-11-02T12:16:34","modified_gmt":"2023-11-02T11:16:34","slug":"ariston-595","status":"publish","type":"page","link":"https:\/\/www.rivaclubsweden.se\/en\/ariston-595\/","title":{"rendered":"Riva Ariston &#8220;MALOU II&#8221; #595, 1964"},"content":{"rendered":"\n<p>B\u00e5ten levererades ny till f\u00f6retaget Karma S.A. i Panama. <\/p>\n\n\n\n<p>N\u00e4sta k\u00e4nda plats \u00e4r Holland d\u00e4r hon renoverades. Kring sekelskiftet k\u00f6pte Peter Goks\u00f6yr henne och tog b\u00e5ten till Sveriges v\u00e4stkust.<\/p>\n\n\n\n<p>Nuvarande \u00e4gare k\u00f6pte b\u00e5ten 2012 varvid hon fick flytta \u00f6sterut, \u00e4nda till Finland. <\/p>\n\n\n\n<p>Den motor som satt i b\u00e5ten var inte original och gick aldrig riktigt bra. D\u00e4rf\u00f6r sattes en ny Crusader V8 in under 2021. <\/p>\n\n\n\n<p>Sedan m\u00e5nga \u00e5r \u00e4r hon en given g\u00e4st vid v\u00e5ra m\u00f6ten och dess \u00e4gare bidrar med mycket arbete i klubben.<\/p>\n","protected":false},"excerpt":{"rendered":"<p>B\u00e5ten levererades ny till f\u00f6retaget Karma S.A. i Panama. N\u00e4sta k\u00e4nda plats \u00e4r Holland d\u00e4r hon renoverades. Kring sekelskiftet k\u00f6pte Peter Goks\u00f6yr henne och tog b\u00e5ten till Sveriges v\u00e4stkust. Nuvarande \u00e4gare k\u00f6pte b\u00e5ten 2012 varvid hon fick flytta \u00f6sterut, \u00e4nda till Finland. Den motor som satt i b\u00e5ten var inte original och gick aldrig riktigt [&hellip;]<\/p>\n","protected":false},"author":2,"featured_media":0,"parent":0,"menu_order":0,"comment_status":"closed","ping_status":"closed","template":"","meta":{"ngg_post_thumbnail":0},"_links":{"self":[{"href":"https:\/\/www.rivaclubsweden.se\/en\/wp-json\/wp\/v2\/pages\/10222"}],"collection":[{"href":"https:\/\/www.rivaclubsweden.se\/en\/wp-json\/wp\/v2\/pages"}],"about":[{"href":"https:\/\/www.rivaclubsweden.se\/en\/wp-json\/wp\/v2\/types\/page"}],"author":[{"embeddable":true,"href":"https:\/\/www.rivaclubsweden.se\/en\/wp-json\/wp\/v2\/users\/2"}],"replies":[{"embeddable":true,"href":"https:\/\/www.rivaclubsweden.se\/en\/wp-json\/wp\/v2\/comments?post=10222"}],"version-history":[{"count":1,"href":"https:\/\/www.rivaclubsweden.se\/en\/wp-json\/wp\/v2\/pages\/10222\/revisions"}],"predecessor-version":[{"id":10223,"href":"https:\/\/www.rivaclubsweden.se\/en\/wp-json\/wp\/v2\/pages\/10222\/revisions\/10223"}],"wp:attachment":[{"href":"https:\/\/www.rivaclubsweden.se\/en\/wp-json\/wp\/v2\/media?parent=10222"}],"curies":[{"name":"wp","href":"https:\/\/api.w.org\/{rel}","templated":true}]}}