{"id":11206,"date":"2025-10-17T15:44:07","date_gmt":"2025-10-17T13:44:07","guid":{"rendered":"https:\/\/www.rivaclubsweden.se\/galleri\/rf-2025\/"},"modified":"2025-10-17T16:14:08","modified_gmt":"2025-10-17T14:14:08","slug":"rf-2025","status":"publish","type":"page","link":"https:\/\/www.rivaclubsweden.se\/en\/galleri\/rf-2025\/","title":{"rendered":"R&#038;F 2025"},"content":{"rendered":"\n<p><strong>H\u00f6ruphav Havn\/S\u00f6nderborg, Danmark<\/strong><\/p>\n\n\n\n<p>\u00c5rets Run &amp; Fun gick till S\u00f6nderborg som det f\u00f6rsta Riva m\u00f6tet n\u00e5gonsin i Danmark. Vi ville prova p\u00e5 n\u00e5got nytt, fr\u00e4mst kanske<br>f\u00f6r oss som arrangerar och som ibland beh\u00f6ver en ny utmaning. I Danmark finns ett f\u00e5tal Rivor, vilket inte r\u00e4cker f\u00f6r en egen klubb s\u00e5 de flesta av dem har valt den svenska klubben, vilket vi tyckte var ett bra sk\u00e4l f\u00f6r ett bes\u00f6k.<\/p>\n\n\n\n<p>V\u00e5rt Hotel, Hotell Baltic blev en fulltr\u00e4ff, ett mindre hotell som en kopia av Badhotellet i TV. Det var s\u00e5 litet att vi kunde hyra hela hotellet som blev v\u00e5r hemvist under 4 dagar. Kr\u00f6garparet var fantastiska och utan dess like. Hamnen l\u00e5g bara 50 meter nedanf\u00f6r hotellet.<\/p>\n\n\n\n<p>N\u00e5gra h\u00e4rliga dagar, p\u00e5 en fantastisk plats och som vanligt med trevligt s\u00e4llskap.<\/p>\n\n\n\nngg_shortcode_0_placeholder\n","protected":false},"excerpt":{"rendered":"<p>H\u00f6ruphav Havn\/S\u00f6nderborg, Danmark \u00c5rets Run &amp; Fun gick till S\u00f6nderborg som det f\u00f6rsta Riva m\u00f6tet n\u00e5gonsin i Danmark. Vi ville prova p\u00e5 n\u00e5got nytt, fr\u00e4mst kanskef\u00f6r oss som arrangerar och som ibland beh\u00f6ver en ny utmaning. I Danmark finns ett f\u00e5tal Rivor, vilket inte r\u00e4cker f\u00f6r en egen klubb s\u00e5 de flesta av dem har [&hellip;]<\/p>\n","protected":false},"author":7,"featured_media":10950,"parent":8256,"menu_order":16,"comment_status":"closed","ping_status":"closed","template":"","meta":{"ngg_post_thumbnail":0},"_links":{"self":[{"href":"https:\/\/www.rivaclubsweden.se\/en\/wp-json\/wp\/v2\/pages\/11206"}],"collection":[{"href":"https:\/\/www.rivaclubsweden.se\/en\/wp-json\/wp\/v2\/pages"}],"about":[{"href":"https:\/\/www.rivaclubsweden.se\/en\/wp-json\/wp\/v2\/types\/page"}],"author":[{"embeddable":true,"href":"https:\/\/www.rivaclubsweden.se\/en\/wp-json\/wp\/v2\/users\/7"}],"replies":[{"embeddable":true,"href":"https:\/\/www.rivaclubsweden.se\/en\/wp-json\/wp\/v2\/comments?post=11206"}],"version-history":[{"count":3,"href":"https:\/\/www.rivaclubsweden.se\/en\/wp-json\/wp\/v2\/pages\/11206\/revisions"}],"predecessor-version":[{"id":11215,"href":"https:\/\/www.rivaclubsweden.se\/en\/wp-json\/wp\/v2\/pages\/11206\/revisions\/11215"}],"up":[{"embeddable":true,"href":"https:\/\/www.rivaclubsweden.se\/en\/wp-json\/wp\/v2\/pages\/8256"}],"wp:featuredmedia":[{"embeddable":true,"href":"https:\/\/www.rivaclubsweden.se\/en\/wp-json\/wp\/v2\/media\/10950"}],"wp:attachment":[{"href":"https:\/\/www.rivaclubsweden.se\/en\/wp-json\/wp\/v2\/media?parent=11206"}],"curies":[{"name":"wp","href":"https:\/\/api.w.org\/{rel}","templated":true}]}}