{"id":11213,"date":"2025-02-11T17:37:57","date_gmt":"2025-02-11T16:37:57","guid":{"rendered":"https:\/\/www.rivaclubsweden.se\/galleri\/rf-2024\/"},"modified":"2025-02-11T17:37:57","modified_gmt":"2025-02-11T16:37:57","slug":"rf-2024","status":"publish","type":"page","link":"https:\/\/www.rivaclubsweden.se\/en\/galleri\/rf-2024\/","title":{"rendered":"R&#038;F 2024"},"content":{"rendered":"\n<p><strong>Stockholm City Tour<\/strong><\/p>\n\n\n\n<p>Riktigt trevliga dagar mitt i v\u00e5r stora stad med mycket historia.  Med turer dels bland stadens innerk\u00e4rna och alla dess vattendrag samt den charmiga sk\u00e4rg\u00e5rden med standhugg f\u00f6r dom som tycker om b\u00e5de hus- och bilrenovering. M\u00e5nga glada gamla v\u00e4nner och \u00e4ven ett gott tillskott av nya s\u00e5dana.<\/p>\n\n\n\nngg_shortcode_0_placeholder\n","protected":false},"excerpt":{"rendered":"<p>Stockholm City Tour Riktigt trevliga dagar mitt i v\u00e5r stora stad med mycket historia. Med turer dels bland stadens innerk\u00e4rna och alla dess vattendrag samt den charmiga sk\u00e4rg\u00e5rden med standhugg f\u00f6r dom som tycker om b\u00e5de hus- och bilrenovering. M\u00e5nga glada gamla v\u00e4nner och \u00e4ven ett gott tillskott av nya s\u00e5dana.<\/p>\n","protected":false},"author":7,"featured_media":10824,"parent":8256,"menu_order":15,"comment_status":"closed","ping_status":"closed","template":"","meta":{"ngg_post_thumbnail":0},"_links":{"self":[{"href":"https:\/\/www.rivaclubsweden.se\/en\/wp-json\/wp\/v2\/pages\/11213"}],"collection":[{"href":"https:\/\/www.rivaclubsweden.se\/en\/wp-json\/wp\/v2\/pages"}],"about":[{"href":"https:\/\/www.rivaclubsweden.se\/en\/wp-json\/wp\/v2\/types\/page"}],"author":[{"embeddable":true,"href":"https:\/\/www.rivaclubsweden.se\/en\/wp-json\/wp\/v2\/users\/7"}],"replies":[{"embeddable":true,"href":"https:\/\/www.rivaclubsweden.se\/en\/wp-json\/wp\/v2\/comments?post=11213"}],"version-history":[{"count":0,"href":"https:\/\/www.rivaclubsweden.se\/en\/wp-json\/wp\/v2\/pages\/11213\/revisions"}],"up":[{"embeddable":true,"href":"https:\/\/www.rivaclubsweden.se\/en\/wp-json\/wp\/v2\/pages\/8256"}],"wp:featuredmedia":[{"embeddable":true,"href":"https:\/\/www.rivaclubsweden.se\/en\/wp-json\/wp\/v2\/media\/10824"}],"wp:attachment":[{"href":"https:\/\/www.rivaclubsweden.se\/en\/wp-json\/wp\/v2\/media?parent=11213"}],"curies":[{"name":"wp","href":"https:\/\/api.w.org\/{rel}","templated":true}]}}