{"id":5291,"date":"2012-11-14T18:32:17","date_gmt":"2012-11-14T17:32:17","guid":{"rendered":"http:\/\/192.168.220.112\/rcs-bildgalleri\/raf-2012\/smadalaroe\/"},"modified":"2022-11-27T12:46:54","modified_gmt":"2022-11-27T11:46:54","slug":"smadalaroe","status":"publish","type":"page","link":"https:\/\/www.rivaclubsweden.se\/en\/bildgalleri\/raf-2012\/smadalaroe\/","title":{"rendered":"Sm\u00e5dalar\u00f6"},"content":{"rendered":"\n<h2>First night we stayed at Sm\u00e5dalar\u00f6 G\u00e5rd on the way to Nyn\u00e4shamn and Classic Boat meet.<\/h2>\n\n\n\nngg_shortcode_0_placeholder\n","protected":false},"excerpt":{"rendered":"<p>First night we stayed at Sm\u00e5dalar\u00f6 G\u00e5rd on the way to Nyn\u00e4shamn and Classic Boat meet.<\/p>\n","protected":false},"author":2,"featured_media":0,"parent":5289,"menu_order":1,"comment_status":"closed","ping_status":"closed","template":"","meta":{"ngg_post_thumbnail":0},"_links":{"self":[{"href":"https:\/\/www.rivaclubsweden.se\/en\/wp-json\/wp\/v2\/pages\/5291"}],"collection":[{"href":"https:\/\/www.rivaclubsweden.se\/en\/wp-json\/wp\/v2\/pages"}],"about":[{"href":"https:\/\/www.rivaclubsweden.se\/en\/wp-json\/wp\/v2\/types\/page"}],"author":[{"embeddable":true,"href":"https:\/\/www.rivaclubsweden.se\/en\/wp-json\/wp\/v2\/users\/2"}],"replies":[{"embeddable":true,"href":"https:\/\/www.rivaclubsweden.se\/en\/wp-json\/wp\/v2\/comments?post=5291"}],"version-history":[{"count":1,"href":"https:\/\/www.rivaclubsweden.se\/en\/wp-json\/wp\/v2\/pages\/5291\/revisions"}],"predecessor-version":[{"id":9633,"href":"https:\/\/www.rivaclubsweden.se\/en\/wp-json\/wp\/v2\/pages\/5291\/revisions\/9633"}],"up":[{"embeddable":true,"href":"https:\/\/www.rivaclubsweden.se\/en\/wp-json\/wp\/v2\/pages\/5289"}],"wp:attachment":[{"href":"https:\/\/www.rivaclubsweden.se\/en\/wp-json\/wp\/v2\/media?parent=5291"}],"curies":[{"name":"wp","href":"https:\/\/api.w.org\/{rel}","templated":true}]}}