{"id":5301,"date":"2018-07-21T08:05:57","date_gmt":"2018-07-21T06:05:57","guid":{"rendered":"http:\/\/192.168.220.112\/rcs-bildgalleri\/windmill-tour-2018\/"},"modified":"2022-11-27T12:13:11","modified_gmt":"2022-11-27T11:13:11","slug":"windmill-tour-2018","status":"publish","type":"page","link":"https:\/\/www.rivaclubsweden.se\/en\/bildgalleri\/windmill-tour-2018\/","title":{"rendered":"Windmill Tour 2018"},"content":{"rendered":"\n<h5>Holl\u00e4ndska Riva Windmill Tour 2018<\/h5>\n\n\n\n<p>Detta var andra g\u00e5ngen Louise och jag deltog i ett Holl\u00e4ndskt m\u00f6te. Liksom f\u00f6rsta g\u00e5ngen m\u00f6ttes vi av idel v\u00e4nliga och hj\u00e4lpsamma m\u00e4nniskor. Alla pratar bra Engelska och det Holl\u00e4ndska k\u00f6ket, med mycket internationella influenser, bj\u00f6d p\u00e5 god mat under hela resan.<\/p>\n\n\n\n<p>\u00c5rets tema var v\u00e4derkvarnar och jag tappade snart r\u00e4kningen n\u00e4r vi passerat 20. Vi fick ocks\u00e5 l\u00e4ra oss att de flesta inte malde s\u00e4d, utan pumpade vatten fr\u00e5n \u00e5krarna till de h\u00f6gre liggande kanalerna.&nbsp;<\/p>\n\n\n\n<p>Det var en fr\u00f6jd att se hur man tog hand om och v\u00e5rdade sitt gamla kulturarv i form av &#8220;vindpumpar&#8221;. En g\u00e5ng i tiden var det dessa som gjorde det m\u00f6jligt att befolka Hollands stora omr\u00e5den som ligger under havsvattenniv\u00e5n. Numera \u00e4r de flesta restaurerade \u00e4ven om de inte beh\u00f6vs f\u00f6r vattenpumpning. I st\u00e4llet anv\u00e4nds de som privata bost\u00e4der.<\/p>\n\n\n\n<p>Totalt 14 Rivor var p\u00e5 plats och f\u00f6rutom v\u00e5r svenska b\u00e5t kunde \u00e4ven en Irl\u00e4ndsk och en Belgisk Riva r\u00e4knas in bland utl\u00e4ndskt deltagande.<\/p>\n\n\n\nngg_shortcode_0_placeholder\n","protected":false},"excerpt":{"rendered":"<p>Holl\u00e4ndska Riva Windmill Tour 2018 Detta var andra g\u00e5ngen Louise och jag deltog i ett Holl\u00e4ndskt m\u00f6te. Liksom f\u00f6rsta g\u00e5ngen m\u00f6ttes vi av idel v\u00e4nliga och hj\u00e4lpsamma m\u00e4nniskor. Alla pratar bra Engelska och det Holl\u00e4ndska k\u00f6ket, med mycket internationella influenser, bj\u00f6d p\u00e5 god mat under hela resan. \u00c5rets tema var v\u00e4derkvarnar och jag tappade snart [&hellip;]<\/p>\n","protected":false},"author":2,"featured_media":0,"parent":5247,"menu_order":10,"comment_status":"closed","ping_status":"closed","template":"","meta":{"ngg_post_thumbnail":0},"_links":{"self":[{"href":"https:\/\/www.rivaclubsweden.se\/en\/wp-json\/wp\/v2\/pages\/5301"}],"collection":[{"href":"https:\/\/www.rivaclubsweden.se\/en\/wp-json\/wp\/v2\/pages"}],"about":[{"href":"https:\/\/www.rivaclubsweden.se\/en\/wp-json\/wp\/v2\/types\/page"}],"author":[{"embeddable":true,"href":"https:\/\/www.rivaclubsweden.se\/en\/wp-json\/wp\/v2\/users\/2"}],"replies":[{"embeddable":true,"href":"https:\/\/www.rivaclubsweden.se\/en\/wp-json\/wp\/v2\/comments?post=5301"}],"version-history":[{"count":2,"href":"https:\/\/www.rivaclubsweden.se\/en\/wp-json\/wp\/v2\/pages\/5301\/revisions"}],"predecessor-version":[{"id":9628,"href":"https:\/\/www.rivaclubsweden.se\/en\/wp-json\/wp\/v2\/pages\/5301\/revisions\/9628"}],"up":[{"embeddable":true,"href":"https:\/\/www.rivaclubsweden.se\/en\/wp-json\/wp\/v2\/pages\/5247"}],"wp:attachment":[{"href":"https:\/\/www.rivaclubsweden.se\/en\/wp-json\/wp\/v2\/media?parent=5301"}],"curies":[{"name":"wp","href":"https:\/\/api.w.org\/{rel}","templated":true}]}}