{"id":5302,"date":"2018-07-25T14:52:28","date_gmt":"2018-07-25T12:52:28","guid":{"rendered":"http:\/\/192.168.220.112\/rcs-bildgalleri\/bodensee-2018\/"},"modified":"2022-11-26T18:38:05","modified_gmt":"2022-11-26T17:38:05","slug":"bodensee-2018","status":"publish","type":"page","link":"https:\/\/www.rivaclubsweden.se\/en\/bildgalleri\/bodensee-2018\/","title":{"rendered":"Riva Classics 2018"},"content":{"rendered":"\n<h5>Riva Classics 2018 p\u00e5 Bodensee<\/h5>\n\n\n\n<p>Efter m\u00f6tet i Holland styrde vi s\u00f6derut f\u00f6r att delta i Tyska klubbens m\u00f6te p\u00e5 Bodensee. <br>Sj\u00f6n gr\u00e4nsar mot Tyskland, \u00d6sterrike och Schweiz och ligger fantastiskt vackert med Alperna som fond i syd. Vattnet \u00e4r medelhavsgr\u00f6nt och enda smolket i b\u00e4garen \u00e4r m\u00f6jligen fartgr\u00e4nsen p\u00e5 40 km\/h (21,6 kn) som g\u00e4ller \u00f6verallt ute p\u00e5 sj\u00f6n. 300 meter fr\u00e5n land och in\u00e5t g\u00e4ller krypfart&#8230; Trots dessa begr\u00e4nsningar fick vi verkligen njuta av n\u00e5gra sk\u00f6na och trevliga dagar p\u00e5 sj\u00f6n, tillsammans med n\u00e4rmare 100 deltagare i 28 Rivor.<\/p>\n\n\n\n<p>Dag 1 \u00e4gnades \u00e5t sj\u00f6s\u00e4ttning samt v\u00e4lkomstmiddag i den vackra hamnen i byn Unteruhldingen.<\/p>\n\n\n\n<p>Dag 2 bj\u00f6d p\u00e5 en rundtur i sj\u00f6ns norra delar f\u00f6ljt av lunch samt visning av den fantastiska botaniska tr\u00e4dg\u00e5rden p\u00e5 Mainau. \u00d6n med alla dess byggnader och tr\u00e4dg\u00e5rdar restaurerades p\u00e5 30-talet av Lennart Bernadotte, vars arvingar fortfarande \u00e4ger och driver det som idag \u00e4r Bodensee&#8217;s st\u00f6rsta turistattraktion.<\/p>\n\n\n\n<p>Dag 3 innebar en heldag p\u00e5 den mindre sj\u00f6n Untersee strax v\u00e4ster om Bodensee. Sj\u00f6n n\u00e5s via en kanal genom staden Konstanz. Vi bes\u00f6kte ett tr\u00e4b\u00e5tsvarv och avnj\u00f6t en god lunch i staden Radolfzeller. Efter hemf\u00e4rd avslutades dagen med galamiddag p\u00e5 en av hamnrestaurangerna. Svenska klubben (5 pers), anf\u00f6rda av Bengan, tackade f\u00f6r trevligt arrangemang och bem\u00f6tande.<\/p>\n\n\n\n<p>Dag 4 \u00e4gnades \u00e5t en presentation av v\u00e5ra b\u00e5tar inf\u00f6r en m\u00e5ngh\u00f6vdad publik i hamnen samt n\u00e5got vi alla sett fram mot: Helikopterbilder av v\u00e5ra b\u00e5tar i full fart (n\u00e5ja, 21,6 kn&#8230;). Efter torrs\u00e4ttning av b\u00e5tarna p\u00e5 eftermiddagen avslutades m\u00f6tet med \u00e4nnu en god middag vid stranden strax norr om Unterhuldingen.<\/p>\n\n\n\n<p>V\u00e4rsta b\u00e5ten? Utan tvekan den Aquarama Special som \u00e4garen bestyckat med 2 bigblock vilka tillsammans levererade 1500 Hkr! Piero bara skakade p\u00e5 huvudet&#8230; \u00c5 alla i stan h\u00f6ll f\u00f6r \u00f6ronen!<\/p>\n\n\n\nngg_shortcode_0_placeholder\n","protected":false},"excerpt":{"rendered":"<p>Riva Classics 2018 p\u00e5 Bodensee Efter m\u00f6tet i Holland styrde vi s\u00f6derut f\u00f6r att delta i Tyska klubbens m\u00f6te p\u00e5 Bodensee. Sj\u00f6n gr\u00e4nsar mot Tyskland, \u00d6sterrike och Schweiz och ligger fantastiskt vackert med Alperna som fond i syd. Vattnet \u00e4r medelhavsgr\u00f6nt och enda smolket i b\u00e4garen \u00e4r m\u00f6jligen fartgr\u00e4nsen p\u00e5 40 km\/h (21,6 kn) som [&hellip;]<\/p>\n","protected":false},"author":2,"featured_media":0,"parent":5247,"menu_order":11,"comment_status":"closed","ping_status":"closed","template":"","meta":{"ngg_post_thumbnail":0},"_links":{"self":[{"href":"https:\/\/www.rivaclubsweden.se\/en\/wp-json\/wp\/v2\/pages\/5302"}],"collection":[{"href":"https:\/\/www.rivaclubsweden.se\/en\/wp-json\/wp\/v2\/pages"}],"about":[{"href":"https:\/\/www.rivaclubsweden.se\/en\/wp-json\/wp\/v2\/types\/page"}],"author":[{"embeddable":true,"href":"https:\/\/www.rivaclubsweden.se\/en\/wp-json\/wp\/v2\/users\/2"}],"replies":[{"embeddable":true,"href":"https:\/\/www.rivaclubsweden.se\/en\/wp-json\/wp\/v2\/comments?post=5302"}],"version-history":[{"count":1,"href":"https:\/\/www.rivaclubsweden.se\/en\/wp-json\/wp\/v2\/pages\/5302\/revisions"}],"predecessor-version":[{"id":9620,"href":"https:\/\/www.rivaclubsweden.se\/en\/wp-json\/wp\/v2\/pages\/5302\/revisions\/9620"}],"up":[{"embeddable":true,"href":"https:\/\/www.rivaclubsweden.se\/en\/wp-json\/wp\/v2\/pages\/5247"}],"wp:attachment":[{"href":"https:\/\/www.rivaclubsweden.se\/en\/wp-json\/wp\/v2\/media?parent=5302"}],"curies":[{"name":"wp","href":"https:\/\/api.w.org\/{rel}","templated":true}]}}