{"id":5303,"date":"2018-07-31T15:46:49","date_gmt":"2018-07-31T13:46:49","guid":{"rendered":"http:\/\/192.168.220.112\/rcs-bildgalleri\/rf2018\/"},"modified":"2022-11-26T18:01:28","modified_gmt":"2022-11-26T17:01:28","slug":"rf2018","status":"publish","type":"page","link":"https:\/\/www.rivaclubsweden.se\/en\/bildgalleri\/rf2018\/","title":{"rendered":"R&#038;F 2018"},"content":{"rendered":"\n<h2>Riva Run&amp;Fun 2018<\/h2>\n\n\n\n<h5>&#8211; Eller sommaren d\u00e5 vi visste att v\u00e4dret redan var fixat&#8230;<\/h5>\n\n\n\n<h5>Resten tog Lasse, Maria och Tobbe hand om. Tre dygn i norra M\u00e4laren med b\u00e5t\u00e5ka, slottsbes\u00f6k, god mat, och framf\u00f6rallt: &#8211; Trevliga m\u00e4nniskor med gott hum\u00f6r! Vad mer beh\u00f6vs?<\/h5>\n\n\n\nngg_shortcode_0_placeholder\n","protected":false},"excerpt":{"rendered":"<p>Riva Run&amp;Fun 2018 &#8211; Eller sommaren d\u00e5 vi visste att v\u00e4dret redan var fixat&#8230; Resten tog Lasse, Maria och Tobbe hand om. Tre dygn i norra M\u00e4laren med b\u00e5t\u00e5ka, slottsbes\u00f6k, god mat, och framf\u00f6rallt: &#8211; Trevliga m\u00e4nniskor med gott hum\u00f6r! Vad mer beh\u00f6vs?<\/p>\n","protected":false},"author":2,"featured_media":0,"parent":5247,"menu_order":12,"comment_status":"closed","ping_status":"closed","template":"","meta":{"ngg_post_thumbnail":0},"_links":{"self":[{"href":"https:\/\/www.rivaclubsweden.se\/en\/wp-json\/wp\/v2\/pages\/5303"}],"collection":[{"href":"https:\/\/www.rivaclubsweden.se\/en\/wp-json\/wp\/v2\/pages"}],"about":[{"href":"https:\/\/www.rivaclubsweden.se\/en\/wp-json\/wp\/v2\/types\/page"}],"author":[{"embeddable":true,"href":"https:\/\/www.rivaclubsweden.se\/en\/wp-json\/wp\/v2\/users\/2"}],"replies":[{"embeddable":true,"href":"https:\/\/www.rivaclubsweden.se\/en\/wp-json\/wp\/v2\/comments?post=5303"}],"version-history":[{"count":4,"href":"https:\/\/www.rivaclubsweden.se\/en\/wp-json\/wp\/v2\/pages\/5303\/revisions"}],"predecessor-version":[{"id":9615,"href":"https:\/\/www.rivaclubsweden.se\/en\/wp-json\/wp\/v2\/pages\/5303\/revisions\/9615"}],"up":[{"embeddable":true,"href":"https:\/\/www.rivaclubsweden.se\/en\/wp-json\/wp\/v2\/pages\/5247"}],"wp:attachment":[{"href":"https:\/\/www.rivaclubsweden.se\/en\/wp-json\/wp\/v2\/media?parent=5303"}],"curies":[{"name":"wp","href":"https:\/\/api.w.org\/{rel}","templated":true}]}}