{"id":8555,"date":"2022-11-02T15:35:47","date_gmt":"2022-11-02T14:35:47","guid":{"rendered":"https:\/\/wp.rivaclubsweden.se\/?page_id=8555"},"modified":"2025-02-11T17:23:33","modified_gmt":"2025-02-11T16:23:33","slug":"rf-2022","status":"publish","type":"page","link":"https:\/\/www.rivaclubsweden.se\/en\/bildgalleri\/rf-2022\/","title":{"rendered":"R&#038;F 2022"},"content":{"rendered":"\n<p><strong>Riva Run&amp;Fun 2022<\/strong><\/p>\n\n\n\n<p>&#8211; V\u00e4lkommen till Bohusl\u00e4n &#8211; underh\u00e5llande dagar med mycket sol och en del bl\u00e5st som gav bl\u00f6ta men riktigt sk\u00f6na dagar.&nbsp;<\/p>\n\n\n\n<p>Bilder fr\u00e5n \u00e5rets R&amp;F i Bohusl\u00e4n med hemmabas i Bj\u00f6rholmen, Tj\u00f6rn. Under v\u00e5ra dagar bes\u00f6kte vi bland annat Marstrand i s\u00f6der samt Gullholmen och Grundsund in norr. Trevliga dagar med mycket sol och en och annan \u00f6verfart i grov sj\u00f6.<\/p>\n\n\n\nngg_shortcode_0_placeholder\n","protected":false},"excerpt":{"rendered":"<p>Riva Run&amp;Fun 2022 &#8211; V\u00e4lkommen till Bohusl\u00e4n &#8211; underh\u00e5llande dagar med mycket sol och en del bl\u00e5st som gav bl\u00f6ta men riktigt sk\u00f6na dagar.&nbsp; Bilder fr\u00e5n \u00e5rets R&amp;F i Bohusl\u00e4n med hemmabas i Bj\u00f6rholmen, Tj\u00f6rn. Under v\u00e5ra dagar bes\u00f6kte vi bland annat Marstrand i s\u00f6der samt Gullholmen och Grundsund in norr. Trevliga dagar med mycket [&hellip;]<\/p>\n","protected":false},"author":7,"featured_media":8564,"parent":5247,"menu_order":13,"comment_status":"closed","ping_status":"closed","template":"","meta":{"ngg_post_thumbnail":0},"_links":{"self":[{"href":"https:\/\/www.rivaclubsweden.se\/en\/wp-json\/wp\/v2\/pages\/8555"}],"collection":[{"href":"https:\/\/www.rivaclubsweden.se\/en\/wp-json\/wp\/v2\/pages"}],"about":[{"href":"https:\/\/www.rivaclubsweden.se\/en\/wp-json\/wp\/v2\/types\/page"}],"author":[{"embeddable":true,"href":"https:\/\/www.rivaclubsweden.se\/en\/wp-json\/wp\/v2\/users\/7"}],"replies":[{"embeddable":true,"href":"https:\/\/www.rivaclubsweden.se\/en\/wp-json\/wp\/v2\/comments?post=8555"}],"version-history":[{"count":11,"href":"https:\/\/www.rivaclubsweden.se\/en\/wp-json\/wp\/v2\/pages\/8555\/revisions"}],"predecessor-version":[{"id":9611,"href":"https:\/\/www.rivaclubsweden.se\/en\/wp-json\/wp\/v2\/pages\/8555\/revisions\/9611"}],"up":[{"embeddable":true,"href":"https:\/\/www.rivaclubsweden.se\/en\/wp-json\/wp\/v2\/pages\/5247"}],"wp:featuredmedia":[{"embeddable":true,"href":"https:\/\/www.rivaclubsweden.se\/en\/wp-json\/wp\/v2\/media\/8564"}],"wp:attachment":[{"href":"https:\/\/www.rivaclubsweden.se\/en\/wp-json\/wp\/v2\/media?parent=8555"}],"curies":[{"name":"wp","href":"https:\/\/api.w.org\/{rel}","templated":true}]}}