{"id":9105,"date":"2022-11-12T12:29:12","date_gmt":"2022-11-12T11:29:12","guid":{"rendered":"https:\/\/www.rivaclubsweden.se\/?page_id=9105"},"modified":"2025-03-06T13:41:40","modified_gmt":"2025-03-06T12:41:40","slug":"events","status":"publish","type":"page","link":"https:\/\/www.rivaclubsweden.se\/en\/events\/","title":{"rendered":"Events"},"content":{"rendered":"\n<hr class=\"wp-block-separator has-alpha-channel-opacity is-style-wide\"\/>\n\n\n\n<div class=\"wp-block-media-text alignwide has-media-on-the-right is-stacked-on-mobile is-vertically-aligned-top\" style=\"grid-template-columns:auto 40%\"><div class=\"wp-block-media-text__content\">\n<h5>During the year a number of meetings, arranged by the local Riva Clubs in Europe, will take place.  Anyone who is a member of a club is also welcome to participate in these meetings, even without their own boat!<\/h5>\n\n\n\n<p>Next year&#8217;s meeting calendar will take form after the annual RHS Christmas celebration at the beginning of December. The invitation and meeting programs usually appear in the coming winter months, so keep an eye out here!<\/p>\n<\/div><figure class=\"wp-block-media-text__media\"><img decoding=\"async\" loading=\"lazy\" width=\"1024\" height=\"768\" src=\"https:\/\/www.rivaclubsweden.se\/wp-content\/uploads\/2022\/11\/DSCN3025-1024x768.jpg\" alt=\"\" class=\"wp-image-9099 size-full\" srcset=\"https:\/\/www.rivaclubsweden.se\/wp-content\/uploads\/2022\/11\/DSCN3025-1024x768.jpg 1024w, https:\/\/www.rivaclubsweden.se\/wp-content\/uploads\/2022\/11\/DSCN3025-300x225.jpg 300w, https:\/\/www.rivaclubsweden.se\/wp-content\/uploads\/2022\/11\/DSCN3025-768x576.jpg 768w, https:\/\/www.rivaclubsweden.se\/wp-content\/uploads\/2022\/11\/DSCN3025-1536x1152.jpg 1536w, https:\/\/www.rivaclubsweden.se\/wp-content\/uploads\/2022\/11\/DSCN3025-2048x1536.jpg 2048w\" sizes=\"(max-width: 1024px) 100vw, 1024px\" \/><\/figure><\/div>\n\n\n\n<hr class=\"wp-block-separator has-alpha-channel-opacity is-style-wide\"\/>\n\n\n\n<figure class=\"wp-block-table is-style-stripes\"><table><thead><tr><th>Meetings 2023<\/th><th>Date<\/th><th>Links to invitation<\/th><\/tr><\/thead><tbody><tr><td>Allt f\u00f6r Sj\u00f6n 2025 &#8211; B\u00e5tm\u00e4ssan<\/td><td>6-9 &amp; 13-16 mars&nbsp;2024<\/td><td><a href=\"https:\/\/www.alltforsjon.se\/?sc_lang=sv-se\">B\u00e5tm\u00e4ssan Allt f\u00f6r sj\u00f6n (alltforsjon.se)<\/a><\/td><\/tr><tr><td>Trip to the Museum \u201cBarca Lariana\u201d<\/td><td>April 4 to 6<\/td><td>Riva Society Tigullio<\/td><\/tr><tr><td>Cultural tour in Umbria and Tuscany<\/td><td>May 1 to 4<\/td><td>Riva Society Italia<\/td><\/tr><tr><td>Tribute to Carlo Riva at Santa Margherita<\/td><td>May 31 to June 2<\/td><td>Riva Society Tigullio<\/td><\/tr><tr><td>Riva Fever at St. Tropez<\/td><td>May 29 to June 1<\/td><td>Riva Society del France<\/td><\/tr><tr><td>Event in Friesland<\/td><td>June 6 to 9<\/td><td>Riva Club Netherlands<\/td><\/tr><tr><td>Riva Classics at Lake Constance<\/td><td>June 11 to 15<\/td><td>Riva Club Germany<\/td><\/tr><tr><td>Riva Days ASI Nautic Show, Lake Como<\/td><td>July 3 to 7<\/td><td>Riva Historical Society<\/td><\/tr><tr><td>Run and Fun at Soenderborg, South Denmark<\/td><td>July 10 to 14<\/td><td>Riva Club USA<\/td><\/tr><tr><td>Riva Historical Society at the Monaco Classic Week<\/td><td>September 10 to 15<\/td><td>Riva Historical Society<\/td><\/tr><\/tbody><\/table><\/figure>\n","protected":false},"excerpt":{"rendered":"<p>During the year a number of meetings, arranged by the local Riva Clubs in Europe, will take place. Anyone who is a member of a club is also welcome to participate in these meetings, even without their own boat! Next year&#8217;s meeting calendar will take form after the annual RHS Christmas celebration at the beginning [&hellip;]<\/p>\n","protected":false},"author":2,"featured_media":0,"parent":0,"menu_order":0,"comment_status":"closed","ping_status":"closed","template":"","meta":{"ngg_post_thumbnail":0},"_links":{"self":[{"href":"https:\/\/www.rivaclubsweden.se\/en\/wp-json\/wp\/v2\/pages\/9105"}],"collection":[{"href":"https:\/\/www.rivaclubsweden.se\/en\/wp-json\/wp\/v2\/pages"}],"about":[{"href":"https:\/\/www.rivaclubsweden.se\/en\/wp-json\/wp\/v2\/types\/page"}],"author":[{"embeddable":true,"href":"https:\/\/www.rivaclubsweden.se\/en\/wp-json\/wp\/v2\/users\/2"}],"replies":[{"embeddable":true,"href":"https:\/\/www.rivaclubsweden.se\/en\/wp-json\/wp\/v2\/comments?post=9105"}],"version-history":[{"count":3,"href":"https:\/\/www.rivaclubsweden.se\/en\/wp-json\/wp\/v2\/pages\/9105\/revisions"}],"predecessor-version":[{"id":9691,"href":"https:\/\/www.rivaclubsweden.se\/en\/wp-json\/wp\/v2\/pages\/9105\/revisions\/9691"}],"wp:attachment":[{"href":"https:\/\/www.rivaclubsweden.se\/en\/wp-json\/wp\/v2\/media?parent=9105"}],"curies":[{"name":"wp","href":"https:\/\/api.w.org\/{rel}","templated":true}]}}