{"id":9714,"date":"2022-11-28T17:33:06","date_gmt":"2022-11-28T16:33:06","guid":{"rendered":"https:\/\/www.rivaclubsweden.se\/?page_id=9714"},"modified":"2022-11-28T19:10:27","modified_gmt":"2022-11-28T18:10:27","slug":"privacy-policy","status":"publish","type":"page","link":"https:\/\/www.rivaclubsweden.se\/en\/privacy-policy\/","title":{"rendered":"Privacy Policy"},"content":{"rendered":"\n<hr class=\"wp-block-separator has-alpha-channel-opacity is-style-wide\"\/>\n\n\n\n<div class=\"wp-block-media-text alignwide is-stacked-on-mobile is-vertically-aligned-top\" style=\"grid-template-columns:15% auto\"><figure class=\"wp-block-media-text__media\"><img decoding=\"async\" loading=\"lazy\" width=\"171\" height=\"80\" src=\"https:\/\/www.rivaclubsweden.se\/wp-content\/uploads\/2022\/10\/s_Sweden.jpg\" alt=\"\" class=\"wp-image-8124 size-full\"\/><\/figure><div class=\"wp-block-media-text__content\">\n<div class=\"is-layout-flex wp-container-3 wp-block-columns\">\n<div class=\"is-layout-flow wp-block-column\">\n<h2>Vilka vi \u00e4r<\/h2>\n\n\n\n<p>Riva Club Sweden (id\u00e9ell f\u00f6rening)<\/p>\n\n\n\n<p>B\u00c4RBO \u00c5KRA<br>61194 Nyk\u00f6ping<br>https:\/\/www.rivaclubsweden.se<\/p>\n<\/div>\n\n\n\n<div class=\"is-layout-flow wp-block-column\">\n<h2>Who we are<\/h2>\n\n\n\n<p>Riva Club Sweden (non profit organization)<\/p>\n\n\n\n<p>B\u00c4RBO \u00c5KRA<br>61194 Nyk\u00f6ping<br>https:\/\/www.rivaclubsweden.se<\/p>\n<\/div>\n<\/div>\n<\/div><\/div>\n\n\n\n<hr class=\"wp-block-separator has-alpha-channel-opacity is-style-wide\"\/>\n\n\n\n<div class=\"is-layout-flex wp-container-6 wp-block-columns\">\n<div class=\"is-layout-flow wp-block-column\">\n<h2>Kommentarer<\/h2>\n\n\n\n<p>N\u00e4r bes\u00f6kare l\u00e4mnar kommentarer p\u00e5 webbplatsen samlar vi in \u200b\u200bdata som visas i kommentarsformul\u00e4ret, och \u00e4ven bes\u00f6karens IP-adress, typ av webl\u00e4sare mm f\u00f6r att kunna uppt\u00e4cka skr\u00e4ppost.<\/p>\n\n\n\n<p>En anonymiserad str\u00e4ng skapad fr\u00e5n din e-postadress (\u00e4ven kallad en hash) kan tillhandah\u00e5llas Gravatar-tj\u00e4nsten f\u00f6r att se om du anv\u00e4nder den. Gravatar-tj\u00e4nstens sekretesspolicy \u00e4r tillg\u00e4nglig h\u00e4r: https:\/\/automattic.com\/privacy\/. Efter godk\u00e4nnande av din kommentar \u00e4r din profilbild synlig f\u00f6r allm\u00e4nheten i samband med din kommentar.<\/p>\n\n\n\n<h2>Media<\/h2>\n\n\n\n<p> Om du laddar upp bilder till webbplatsen b\u00f6r du undvika att ladda upp bilder med inb\u00e4ddad platsdata (EXIF GPS) inkluderad. Bes\u00f6kare p\u00e5 webbplatsen kan eventuellt ladda ner och extrahera all platsdata fr\u00e5n bilder p\u00e5 webbplatsen.<\/p>\n\n\n\n<h2>Cookies<\/h2>\n\n\n\n<p>Om du bes\u00f6ker v\u00e5r inloggningssida kommer vi att st\u00e4lla in en tillf\u00e4llig cookie f\u00f6r att avg\u00f6ra om din webbl\u00e4sare accepterar cookies. Denna cookie inneh\u00e5ller inga personuppgifter och kasseras n\u00e4r du st\u00e4nger din webbl\u00e4sare.<\/p>\n\n\n\n<p>N\u00e4r du loggar in kommer vi ocks\u00e5 att skapa flera cookies f\u00f6r att spara din inloggningsinformation och dina sk\u00e4rmvisningsval. Inloggningscookies varar i tv\u00e5 dagar och sk\u00e4rmalternativcookies varar i ett \u00e5r. Om du v\u00e4ljer \u201dKom ih\u00e5g mig\u201d kommer din inloggning att forts\u00e4tta i tv\u00e5 veckor. Om du loggar ut fr\u00e5n ditt konto kommer inloggningscookies att tas bort.<\/p>\n\n\n\n<p>Om du redigerar eller publicerar en artikel kommer ytterligare en cookie att sparas i din webbl\u00e4sare. Denna cookie inneh\u00e5ller inga personliga uppgifter och anger helt enkelt post-ID f\u00f6r artikeln du just redigerade. Det upph\u00f6r att g\u00e4lla efter 1 dag.<\/p>\n\n\n\n<h2>Inb\u00e4ddat material fr\u00e5n andra websidor<\/h2>\n\n\n\n<p>Artiklar p\u00e5 denna webbplats kan inneh\u00e5lla inb\u00e4ddat inneh\u00e5ll (t.ex. videor, bilder, artiklar, etc.). Inb\u00e4ddat inneh\u00e5ll fr\u00e5n andra webbplatser beter sig p\u00e5 exakt samma s\u00e4tt som om bes\u00f6karen har bes\u00f6kt den andra webbplatsen.<\/p>\n\n\n\n<p>Dessa webbplatser kan samla in data om dig, anv\u00e4nda cookies, b\u00e4dda in ytterligare sp\u00e5rning fr\u00e5n tredje part och \u00f6vervaka din interaktion med det inb\u00e4ddade inneh\u00e5llet, inklusive sp\u00e5rning av din interaktion med det inb\u00e4ddade inneh\u00e5llet om du har ett konto och \u00e4r inloggad p\u00e5 den webbplatsen.<\/p>\n\n\n\n<h2>Vem vi delar dina data med<\/h2>\n\n\n\n<p>Vi delar inga data om dig med andra. Dina data anv\u00e4nds enbart f\u00f6r klubbens syften.<\/p>\n\n\n\n<h2>Hur l\u00e4nge vi beh\u00e5ller dina data<\/h2>\n\n\n\n<p>Om du l\u00e4mnar en kommentar kan kommentaren och dess metadata bevaras p\u00e5 obest\u00e4md tid. Detta f\u00f6r att vi ska kunna k\u00e4nna igen och godk\u00e4nna eventuella uppf\u00f6ljningskommentarer.<\/p>\n\n\n\n<p>F\u00f6r anv\u00e4ndare som registrerar sig p\u00e5 v\u00e5r webbplats (endast via webmaster) lagrar vi \u00e4ven den personliga information de tillhandah\u00e5ller i sin anv\u00e4ndarprofil. Alla anv\u00e4ndare kan se, redigera eller radera sin personliga information n\u00e4r som helst (f\u00f6rutom att de inte kan \u00e4ndra sitt anv\u00e4ndarnamn). Webmaster kan ocks\u00e5 se och redigera den informationen.<\/p>\n\n\n\n<h2>Vilka r\u00e4ttigheter du har \u00f6ver dina uppgifter<\/h2>\n\n\n\n<p>Om du har ett konto p\u00e5 den h\u00e4r webbplatsen, eller har l\u00e4mnat kommentarer, kan du beg\u00e4ra att f\u00e5 en exporterad fil med de personuppgifter vi har om dig, inklusive alla uppgifter du har l\u00e4mnat till oss. Du kan ocks\u00e5 beg\u00e4ra att vi raderar alla personuppgifter vi har om dig. Detta inkluderar inte n\u00e5gra uppgifter som vi \u00e4r skyldiga att beh\u00e5lla f\u00f6r administrativa, juridiska eller s\u00e4kerhets\u00e4ndam\u00e5l.<\/p>\n\n\n\n<h2>Vart dina data kan skickas<\/h2>\n\n\n\n<p>Bes\u00f6karkommentarer kan kontrolleras genom en automatisk spamdetekteringstj\u00e4nst, s\u00e5v\u00e4l som manuellt.<\/p>\n<\/div>\n\n\n\n<div class=\"is-layout-flow wp-block-column\">\n<h2>Comments<\/h2>\n\n\n\n<p>When visitors leave comments on the site we collect the data shown in the comments form, and also the visitor\u2019s IP address and browser user agent string to help spam detection.<\/p>\n\n\n\n<p>An anonymized string created from your email address (also called a hash) may be provided to the Gravatar service to see if you are using it. The Gravatar service privacy policy is available here: https:\/\/automattic.com\/privacy\/. After approval of your comment, your profile picture is visible to the public in the context of your comment.<\/p>\n\n\n\n<h2>Media<\/h2>\n\n\n\n<p>If you upload images to the website, you should avoid uploading images with embedded location data (EXIF GPS) included. Visitors to the website can download and extract any location data from images on the website.<\/p>\n\n\n\n<h2>Cookies<\/h2>\n\n\n\n<p>If you visit our login page, we will set a temporary cookie to determine if your browser accepts cookies. This cookie contains no personal data and is discarded when you close your browser.<\/p>\n\n\n\n<p>When you log in, we will also set up several cookies to save your login information and your screen display choices. Login cookies last for two days, and screen options cookies last for a year. If you select \u201dRemember Me\u201d, your login will persist for two weeks. If you log out of your account, the login cookies will be removed.<\/p>\n\n\n\n<p>If you edit or publish an article, an additional cookie will be saved in your browser. This cookie includes no personal data and simply indicates the post ID of the article you just edited. It expires after 1 day.<\/p>\n\n\n\n<h2>Embedded content from other websites<\/h2>\n\n\n\n<p>Articles on this site may include embedded content (e.g. videos, images, articles, etc.). Embedded content from other websites behaves in the exact same way as if the visitor has visited the other website.<\/p>\n\n\n\n<p>These websites may collect data about you, use cookies, embed additional third-party tracking, and monitor your interaction with that embedded content, including tracking your interaction with the embedded content if you have an account and are logged in to that website.<\/p>\n\n\n\n<h2>Who we share your data with<\/h2>\n\n\n\n<p>We don&#8217;t share any data about you outside the club.<\/p>\n\n\n\n<h2>How long we retain your data<\/h2>\n\n\n\n<p>If you leave a comment, the comment and its metadata are retained indefinitely. This is so we can recognize and approve any follow-up comments automatically instead of holding them in a moderation queue.<\/p>\n\n\n\n<p>For users that register on our website (if any), we also store the personal information they provide in their user profile. All users can see, edit, or delete their personal information at any time (except they cannot change their username). Website administrators can also see and edit that information.<\/p>\n\n\n\n<h2>What rights you have over your data<\/h2>\n\n\n\n<p>If you have an account on this site, or have left comments, you can request to receive an exported file of the personal data we hold about you, including any data you have provided to us. You can also request that we erase any personal data we hold about you. This does not include any data we are obliged to keep for administrative, legal, or security purposes.<\/p>\n\n\n\n<h2>Where your data is sent<\/h2>\n\n\n\n<p>Visitor comments may be checked through an automated spam detection service, as well as manual.<\/p>\n<\/div>\n<\/div>\n\n\n\n<hr class=\"wp-block-separator has-alpha-channel-opacity\"\/>\n","protected":false},"excerpt":{"rendered":"<p>Kommentarer N\u00e4r bes\u00f6kare l\u00e4mnar kommentarer p\u00e5 webbplatsen samlar vi in \u200b\u200bdata som visas i kommentarsformul\u00e4ret, och \u00e4ven bes\u00f6karens IP-adress, typ av webl\u00e4sare mm f\u00f6r att kunna uppt\u00e4cka skr\u00e4ppost. En anonymiserad str\u00e4ng skapad fr\u00e5n din e-postadress (\u00e4ven kallad en hash) kan tillhandah\u00e5llas Gravatar-tj\u00e4nsten f\u00f6r att se om du anv\u00e4nder den. Gravatar-tj\u00e4nstens sekretesspolicy \u00e4r tillg\u00e4nglig h\u00e4r: https:\/\/automattic.com\/privacy\/. [&hellip;]<\/p>\n","protected":false},"author":2,"featured_media":0,"parent":0,"menu_order":0,"comment_status":"closed","ping_status":"closed","template":"","meta":{"ngg_post_thumbnail":0},"_links":{"self":[{"href":"https:\/\/www.rivaclubsweden.se\/en\/wp-json\/wp\/v2\/pages\/9714"}],"collection":[{"href":"https:\/\/www.rivaclubsweden.se\/en\/wp-json\/wp\/v2\/pages"}],"about":[{"href":"https:\/\/www.rivaclubsweden.se\/en\/wp-json\/wp\/v2\/types\/page"}],"author":[{"embeddable":true,"href":"https:\/\/www.rivaclubsweden.se\/en\/wp-json\/wp\/v2\/users\/2"}],"replies":[{"embeddable":true,"href":"https:\/\/www.rivaclubsweden.se\/en\/wp-json\/wp\/v2\/comments?post=9714"}],"version-history":[{"count":4,"href":"https:\/\/www.rivaclubsweden.se\/en\/wp-json\/wp\/v2\/pages\/9714\/revisions"}],"predecessor-version":[{"id":9727,"href":"https:\/\/www.rivaclubsweden.se\/en\/wp-json\/wp\/v2\/pages\/9714\/revisions\/9727"}],"wp:attachment":[{"href":"https:\/\/www.rivaclubsweden.se\/en\/wp-json\/wp\/v2\/media?parent=9714"}],"curies":[{"name":"wp","href":"https:\/\/api.w.org\/{rel}","templated":true}]}}